{"id":3714,"date":"2026-01-22T12:46:17","date_gmt":"2026-01-22T11:46:17","guid":{"rendered":"https:\/\/www.theaterzirkus-dresden.de\/?page_id=3714"},"modified":"2026-01-22T12:48:39","modified_gmt":"2026-01-22T11:48:39","slug":"don-camillo-und-peppone","status":"publish","type":"page","link":"https:\/\/www.theaterzirkus-dresden.de\/en\/don-camillo-und-peppone\/","title":{"rendered":"Don Camillo und Peppone"},"content":{"rendered":"\n<figure class=\"wp-block-image size-large\"><a href=\"http:\/\/www.theaterzirkus-dresden.de\/wp-content\/uploads\/2024\/04\/Don-Camillo_Carsten-Nuessler.jpg\"><img loading=\"lazy\" decoding=\"async\" width=\"1024\" height=\"700\" src=\"http:\/\/www.theaterzirkus-dresden.de\/wp-content\/uploads\/2024\/04\/Don-Camillo_Carsten-Nuessler-1024x700.jpg\" alt=\"\" class=\"wp-image-3172\" srcset=\"https:\/\/www.theaterzirkus-dresden.de\/wp-content\/uploads\/2024\/04\/Don-Camillo_Carsten-Nuessler-1024x700.jpg 1024w, https:\/\/www.theaterzirkus-dresden.de\/wp-content\/uploads\/2024\/04\/Don-Camillo_Carsten-Nuessler-300x205.jpg 300w, https:\/\/www.theaterzirkus-dresden.de\/wp-content\/uploads\/2024\/04\/Don-Camillo_Carsten-Nuessler-768x525.jpg 768w, https:\/\/www.theaterzirkus-dresden.de\/wp-content\/uploads\/2024\/04\/Don-Camillo_Carsten-Nuessler-1536x1051.jpg 1536w, https:\/\/www.theaterzirkus-dresden.de\/wp-content\/uploads\/2024\/04\/Don-Camillo_Carsten-Nuessler-2048x1401.jpg 2048w\" sizes=\"auto, (max-width: 1024px) 100vw, 1024px\" \/><\/a><figcaption class=\"wp-element-caption\">Foto: Carsten N\u00fcssler<\/figcaption><\/figure>\n\n\n\n<p>Kom\u00f6die von Gerold Theobalt<\/p>\n\n\n\n<p>mit Mario Gr\u00fcnewald, Tom Quaas und Felix C. Voigt<br>Regie: Arne Retzlaff<\/p>\n\n\n\n<p>Don Camillo \u2013 Tom Quaas<br>Peppone \u2013 Mario Gr\u00fcnewald<br>Jesus Christus \u2013 Felix C. Voigt<\/p>\n\n\n\n<p>Technische Einrichtung Carsten N\u00fcssler und Robert M\u00fchle<\/p>\n\n\n\n<p>Nach dem Roman Mondo Piccolo Don Camillo von Giovannino Guareschi<\/p>\n\n\n\n<p>In einem Dorf in Norditalien leben zwei M\u00e4nner in vertrauter Zwietracht. Der Pfarrer Don Camillo und der kommunistische B\u00fcrgermeister Peppone. Beiden liegt das Gl\u00fcck ihrer Gemeinde am Herzen. Jedoch f\u00fchrt ihre v\u00f6llig unterschiedliche Auffassung davon, was das Beste f\u00fcr ihr Dorf ist, zu einer herzlichen Feindschaft. Gott sei Dank, hat Jesus Christus ein gewichtiges W\u00f6rtchen mitzureden.<\/p>\n\n\n\n<p>Don Camillo und Peppone, die Haupthelden vieler Erz\u00e4hlungen und Romane von Giovannino Guareschi, machten den italienischen Journalisten und Karrikaturisten zu einem der meistgelesenen italienischen Autoren seiner Zeit. Zur gro\u00dfen internationalen Beliebtheit seiner beiden Figuren trugen die erfolgreichen Filme mit Fernandel und Gino Cervi bei.<\/p>\n\n\n\n<p>Arne Retzlaff hat den Kom\u00f6dienklassiker nun mit Tom Quaas, Mario Gr\u00fcnewald und Felix Voigt in einer rasanten und hocham\u00fcsanten Inszenierung auf die B\u00fchne des Theaterkahns geholt.<\/p>\n\n\n\n<p>Ahn &amp; Simrock Verlag Hamburg<\/p>\n\n\n\n<figure class=\"wp-block-embed is-type-video is-provider-youtube wp-block-embed-youtube wp-embed-aspect-16-9 wp-has-aspect-ratio\"><div class=\"wp-block-embed__wrapper\">\n<iframe loading=\"lazy\" title=\"DON CAMILLO UND PEPPONE - Kom\u00f6die in drei Akten\" width=\"750\" height=\"422\" src=\"https:\/\/www.youtube.com\/embed\/7hNgxTyfGmg?feature=oembed\" frameborder=\"0\" allow=\"accelerometer; autoplay; clipboard-write; encrypted-media; gyroscope; picture-in-picture; web-share\" referrerpolicy=\"strict-origin-when-cross-origin\" allowfullscreen><\/iframe>\n<\/div><\/figure>\n","protected":false},"excerpt":{"rendered":"<p>Kom\u00f6die von Gerold Theobalt mit Mario Gr\u00fcnewald, Tom Quaas und Felix C. VoigtRegie: Arne Retzlaff Don Camillo \u2013 Tom QuaasPeppone \u2013 Mario Gr\u00fcnewaldJesus Christus \u2013 Felix C. Voigt Technische Einrichtung&#8230;<\/p>\n<p><a href=\"https:\/\/www.theaterzirkus-dresden.de\/en\/don-camillo-und-peppone\/\"><span class=\"glyphicon glyphicon-arrow-right\"><\/span>&nbsp;Continue reading<\/a><\/p>","protected":false},"author":3,"featured_media":0,"parent":0,"menu_order":0,"comment_status":"closed","ping_status":"closed","template":"","meta":{"footnotes":""},"class_list":["post-3714","page","type-page","status-publish","hentry"],"translation":{"provider":"WPGlobus","version":"3.0.2","language":"en","enabled_languages":["de","en"],"languages":{"de":{"title":true,"content":true,"excerpt":false},"en":{"title":false,"content":false,"excerpt":false}}},"_links":{"self":[{"href":"https:\/\/www.theaterzirkus-dresden.de\/en\/wp-json\/wp\/v2\/pages\/3714","targetHints":{"allow":["GET"]}}],"collection":[{"href":"https:\/\/www.theaterzirkus-dresden.de\/en\/wp-json\/wp\/v2\/pages"}],"about":[{"href":"https:\/\/www.theaterzirkus-dresden.de\/en\/wp-json\/wp\/v2\/types\/page"}],"author":[{"embeddable":true,"href":"https:\/\/www.theaterzirkus-dresden.de\/en\/wp-json\/wp\/v2\/users\/3"}],"replies":[{"embeddable":true,"href":"https:\/\/www.theaterzirkus-dresden.de\/en\/wp-json\/wp\/v2\/comments?post=3714"}],"version-history":[{"count":2,"href":"https:\/\/www.theaterzirkus-dresden.de\/en\/wp-json\/wp\/v2\/pages\/3714\/revisions"}],"predecessor-version":[{"id":3717,"href":"https:\/\/www.theaterzirkus-dresden.de\/en\/wp-json\/wp\/v2\/pages\/3714\/revisions\/3717"}],"wp:attachment":[{"href":"https:\/\/www.theaterzirkus-dresden.de\/en\/wp-json\/wp\/v2\/media?parent=3714"}],"curies":[{"name":"wp","href":"https:\/\/api.w.org\/{rel}","templated":true}]}}