{"id":2889,"date":"2023-09-29T14:46:03","date_gmt":"2023-09-29T12:46:03","guid":{"rendered":"http:\/\/www.theaterzirkus-dresden.de\/?page_id=2889"},"modified":"2024-03-25T09:47:05","modified_gmt":"2024-03-25T08:47:05","slug":"der-ganze-faust-leicht-gekuerzt","status":"publish","type":"page","link":"https:\/\/www.theaterzirkus-dresden.de\/en\/der-ganze-faust-leicht-gekuerzt\/","title":{"rendered":"DER GANZE FAUST &#8211; leicht gek\u00fcrzt"},"content":{"rendered":"\n<figure class=\"wp-block-image size-large\"><a href=\"http:\/\/www.theaterzirkus-dresden.de\/wp-content\/uploads\/2023\/09\/akl.-Der-Ganz-Faust_Tom-Quaas_Foto-Thomas-Mittmann-scaled.jpg\"><img loading=\"lazy\" decoding=\"async\" width=\"1024\" height=\"657\" src=\"http:\/\/www.theaterzirkus-dresden.de\/wp-content\/uploads\/2023\/09\/akl.-Der-Ganz-Faust_Tom-Quaas_Foto-Thomas-Mittmann-1024x657.jpg\" alt=\"\" class=\"wp-image-2890\" srcset=\"https:\/\/www.theaterzirkus-dresden.de\/wp-content\/uploads\/2023\/09\/akl.-Der-Ganz-Faust_Tom-Quaas_Foto-Thomas-Mittmann-1024x657.jpg 1024w, https:\/\/www.theaterzirkus-dresden.de\/wp-content\/uploads\/2023\/09\/akl.-Der-Ganz-Faust_Tom-Quaas_Foto-Thomas-Mittmann-300x193.jpg 300w, https:\/\/www.theaterzirkus-dresden.de\/wp-content\/uploads\/2023\/09\/akl.-Der-Ganz-Faust_Tom-Quaas_Foto-Thomas-Mittmann-768x493.jpg 768w, https:\/\/www.theaterzirkus-dresden.de\/wp-content\/uploads\/2023\/09\/akl.-Der-Ganz-Faust_Tom-Quaas_Foto-Thomas-Mittmann-1536x986.jpg 1536w, https:\/\/www.theaterzirkus-dresden.de\/wp-content\/uploads\/2023\/09\/akl.-Der-Ganz-Faust_Tom-Quaas_Foto-Thomas-Mittmann-2048x1314.jpg 2048w\" sizes=\"auto, (max-width: 1024px) 100vw, 1024px\" \/><\/a><figcaption class=\"wp-element-caption\">Foto: <a href=\"https:\/\/www.mittmann.fish\/category\/allgemein\/\" data-type=\"URL\" data-id=\"https:\/\/www.mittmann.fish\/category\/allgemein\/\">Thomas Mittmann<\/a><\/figcaption><\/figure>\n\n\n\n<p><strong>DER GANZE FAUST \u2013 LEICHT GEK\u00dcRZT<\/strong><\/p>\n\n\n\n<p>Tom Quaas hat sich nichts Geringeres vorgenommen als das gesamte Werk, leicht gek\u00fcrzt, zu pr\u00e4sentieren. Unter der Regie von Thomas F\u00f6rster, bekannt von den Inszenierungen auf Schloss Scharfenberg, werden die ber\u00fchmten Zeilen als szenisches Werk gespielt und gelesen mit der Magie der Stimme, zu erleben sein. Puppenspiel, Elemente des Schwarzlichttheaters und Musik von Komponist Peter Andreas lassen dazu eine eigene Welt und einen einmaligen H\u00f6r- &amp; Seegenuss entstehen.<\/p>\n\n\n\n<p><em>\u201eTom Quaas ist zugleich Faust und Mephisto, eine gespaltene Pers\u00f6nlichkeit, die mit sich selbst zu reden scheint. Aber wie:<br>Der Schauspieler \u00e4ndert oft nur durch Drehung seines K\u00f6rpers die Figur, mordet und verf\u00fchrt, fordert und verzweifelt. Wie Quaas mit Gestik, Mimik und Stimme arbeitet, ist gro\u00dfartig.\u201c <\/em>S\u00e4chsische Zeitung, 04.06.22<\/p>\n\n\n\n<p>Regie: Thomas F\u00f6rster | B\u00fchne: Tom B\u00f6hm | Musik: Peter Andreas<br>Puppen: Tilo Schiemenz und auf der Szene: Tom Quaas &amp; Paula Henke<\/p>\n\n\n\n<p>Spieldauer: ca. 120 Minuten mit Pause.<br>Das St\u00fcck ist f\u00fcr Sch\u00fcler ab der 8. Klasse geeignet.<\/p>\n\n\n\n<figure class=\"wp-block-video\"><video height=\"720\" style=\"aspect-ratio: 1280 \/ 720;\" width=\"1280\" controls poster=\"http:\/\/www.theaterzirkus-dresden.de\/wp-content\/uploads\/2023\/09\/COLOR-22-05-25-DSC03230-scaled.jpg\" src=\"http:\/\/www.theaterzirkus-dresden.de\/wp-content\/uploads\/2024\/02\/Der-Ganze-Faust_Tom-Quaas_mi.mp4\"><\/video><\/figure>\n","protected":false},"excerpt":{"rendered":"<p>DER GANZE FAUST \u2013 LEICHT GEK\u00dcRZT Tom Quaas hat sich nichts Geringeres vorgenommen als das gesamte Werk, leicht gek\u00fcrzt, zu pr\u00e4sentieren. Unter der Regie von Thomas F\u00f6rster, bekannt von den&#8230;<\/p>\n<p><a href=\"https:\/\/www.theaterzirkus-dresden.de\/en\/der-ganze-faust-leicht-gekuerzt\/\"><span class=\"glyphicon glyphicon-arrow-right\"><\/span>&nbsp;Continue reading<\/a><\/p>","protected":false},"author":3,"featured_media":0,"parent":0,"menu_order":0,"comment_status":"closed","ping_status":"closed","template":"page-no-breadcrumbs-full-width.php","meta":{"footnotes":""},"class_list":["post-2889","page","type-page","status-publish","hentry"],"translation":{"provider":"WPGlobus","version":"3.0.2","language":"en","enabled_languages":["de","en"],"languages":{"de":{"title":true,"content":true,"excerpt":false},"en":{"title":false,"content":false,"excerpt":false}}},"_links":{"self":[{"href":"https:\/\/www.theaterzirkus-dresden.de\/en\/wp-json\/wp\/v2\/pages\/2889","targetHints":{"allow":["GET"]}}],"collection":[{"href":"https:\/\/www.theaterzirkus-dresden.de\/en\/wp-json\/wp\/v2\/pages"}],"about":[{"href":"https:\/\/www.theaterzirkus-dresden.de\/en\/wp-json\/wp\/v2\/types\/page"}],"author":[{"embeddable":true,"href":"https:\/\/www.theaterzirkus-dresden.de\/en\/wp-json\/wp\/v2\/users\/3"}],"replies":[{"embeddable":true,"href":"https:\/\/www.theaterzirkus-dresden.de\/en\/wp-json\/wp\/v2\/comments?post=2889"}],"version-history":[{"count":3,"href":"https:\/\/www.theaterzirkus-dresden.de\/en\/wp-json\/wp\/v2\/pages\/2889\/revisions"}],"predecessor-version":[{"id":3164,"href":"https:\/\/www.theaterzirkus-dresden.de\/en\/wp-json\/wp\/v2\/pages\/2889\/revisions\/3164"}],"wp:attachment":[{"href":"https:\/\/www.theaterzirkus-dresden.de\/en\/wp-json\/wp\/v2\/media?parent=2889"}],"curies":[{"name":"wp","href":"https:\/\/api.w.org\/{rel}","templated":true}]}}