{"id":1064,"date":"2016-07-12T13:00:08","date_gmt":"2016-07-12T12:00:08","guid":{"rendered":"http:\/\/www.theaterzirkus-dresden.de\/?page_id=1064"},"modified":"2019-05-15T09:59:23","modified_gmt":"2019-05-15T08:59:23","slug":"oper-ohne-saenger","status":"publish","type":"page","link":"https:\/\/www.theaterzirkus-dresden.de\/en\/oper-ohne-saenger\/","title":{"rendered":"Oper ohne S\u00e4nger"},"content":{"rendered":"<p>\u00a0<\/p>\n<p>Nach <a href=\"http:\/\/www.theaterzirkus-dresden.de\/faust-ohne-worte-faust-without-words\/\">FAUST OHNE WORTE<\/a> und <a href=\"http:\/\/www.theaterzirkus-dresden.de\/beethoven-ohne-musik\/\">BEETHOVEN OHNE MUSIK<\/a> steht mit OPER OHNE S\u00c4NGER &#8211; FREISCH\u00dcTZ die Vollendung der Trilogie bevor. Theaterzirkusdirektor Tom Quaas holt f\u00fcr diesen dritten Paukenschlag Clowns und Pantomimen aus Prag an seine Seite um ein Illusions- und Schwarzlichttheater mit stilistischen Mitteln des Laterna Magica zu erschaffen \u2013 ganz ohne S\u00e4nger.<\/p>\n<p>Als Grundlage f\u00fcr das Vorhaben dient Carl Maria von Webers FREISCH\u00dcTZ- erz\u00e4hlt diese doch wie kaum eine andere Oper vom Kennenlernen und Sch\u00e4tzen langj\u00e4hriger Spielweisen benachbarter V\u00f6lker. Wenngleich Webers Werk h\u00e4ufig als \u201eerste deutsche Nationaloper\u201c bezeichnet wird, spielt diese urspr\u00fcnglich in den B\u00f6hmischen W\u00e4ldern. Der Spruch \u201e<em>Das verstehe ich nicht, das sind f\u00fcr mich b\u00f6hmische D\u00f6rfer.\u201c<\/em> gilt bis heute und zeugt von der nach wie vor vorherrschenden Unwissenheit \u00fcber die benachbarte Kultur. Ein Grund mehr Tschechien als Partner der Produktion einzuladen und damit dem Publikum einen neuen poetischen Draufblick auf den ber\u00fchmten FREISCH\u00dcTZ zu erm\u00f6glichen.<\/p>\n<p>\u00a0<\/p>\n<p>\u00a0<\/p>\n<p><u>Mitwirkende<\/u><\/p>\n<p>Regie: <a href=\"http:\/\/www.theaterzirkus-dresden.de\/direktor\/vita\/\">Tom Quaas<\/a><\/p>\n<p>Dramaturgie: <a href=\"http:\/\/thereseschmidt.de\/\">Therese Schmidt<\/a><\/p>\n<p>Clownerie: <a href=\"https:\/\/www.clown-koenig.de\/\">Rainer K\u00f6nig<\/a><\/p>\n<p>B\u00fchne &amp; Kost\u00fcm: <a href=\"https:\/\/www.semperoper.de\/ensemble\/personen\/peid\/tilo-schiemenz\/5606.html\">Tilo Schiemenz<\/a><\/p>\n<p>Choreographie:<a href=\"https:\/\/helenamfernandino.wordpress.com\/\"> Helena Fernandino<\/a><\/p>\n<p>Illusion: <a href=\"https:\/\/www.bodecker-neander.de\/team\/\">Wolfram von Bodecker<\/a><\/p>\n<p>Assistenz: <a href=\"https:\/\/julia-henke.wixsite.com\/schauspielerin\/tochter-und-schauspielerin-paula-henke\">Paula Henke-Quaas<\/a><\/p>\n<p>\u00a0<\/p>\n<p>Darsteller: <a href=\"http:\/\/www.sacracircus.cz\/\">Stevo Capko<\/a> &amp;<\/p>\n<p>Anicka Kukucz, Michaela Stara, Vojta Svoboda, Jonatan Vnoucek<\/p>\n\n\n<p><\/p>\n","protected":false},"excerpt":{"rendered":"<p>\u00a0 Nach FAUST OHNE WORTE und BEETHOVEN OHNE MUSIK steht mit OPER OHNE S\u00c4NGER &#8211; FREISCH\u00dcTZ die Vollendung der Trilogie bevor. Theaterzirkusdirektor Tom Quaas holt f\u00fcr diesen dritten Paukenschlag Clowns&#8230;<\/p>\n<p><a href=\"https:\/\/www.theaterzirkus-dresden.de\/en\/oper-ohne-saenger\/\"><span class=\"glyphicon glyphicon-arrow-right\"><\/span>&nbsp;Continue reading<\/a><\/p>","protected":false},"author":3,"featured_media":1897,"parent":0,"menu_order":0,"comment_status":"closed","ping_status":"closed","template":"page-no-breadcrumbs-full-width.php","meta":{"footnotes":""},"class_list":["post-1064","page","type-page","status-publish","has-post-thumbnail","hentry"],"translation":{"provider":"WPGlobus","version":"3.0.2","language":"en","enabled_languages":["de","en"],"languages":{"de":{"title":true,"content":true,"excerpt":false},"en":{"title":false,"content":false,"excerpt":false}}},"_links":{"self":[{"href":"https:\/\/www.theaterzirkus-dresden.de\/en\/wp-json\/wp\/v2\/pages\/1064","targetHints":{"allow":["GET"]}}],"collection":[{"href":"https:\/\/www.theaterzirkus-dresden.de\/en\/wp-json\/wp\/v2\/pages"}],"about":[{"href":"https:\/\/www.theaterzirkus-dresden.de\/en\/wp-json\/wp\/v2\/types\/page"}],"author":[{"embeddable":true,"href":"https:\/\/www.theaterzirkus-dresden.de\/en\/wp-json\/wp\/v2\/users\/3"}],"replies":[{"embeddable":true,"href":"https:\/\/www.theaterzirkus-dresden.de\/en\/wp-json\/wp\/v2\/comments?post=1064"}],"version-history":[{"count":4,"href":"https:\/\/www.theaterzirkus-dresden.de\/en\/wp-json\/wp\/v2\/pages\/1064\/revisions"}],"predecessor-version":[{"id":1931,"href":"https:\/\/www.theaterzirkus-dresden.de\/en\/wp-json\/wp\/v2\/pages\/1064\/revisions\/1931"}],"wp:featuredmedia":[{"embeddable":true,"href":"https:\/\/www.theaterzirkus-dresden.de\/en\/wp-json\/wp\/v2\/media\/1897"}],"wp:attachment":[{"href":"https:\/\/www.theaterzirkus-dresden.de\/en\/wp-json\/wp\/v2\/media?parent=1064"}],"curies":[{"name":"wp","href":"https:\/\/api.w.org\/{rel}","templated":true}]}}