{"id":817,"date":"2016-03-22T13:45:10","date_gmt":"2016-03-22T12:45:10","guid":{"rendered":"http:\/\/www.theaterzirkus-dresden.de\/?page_id=817"},"modified":"2016-03-22T13:45:10","modified_gmt":"2016-03-22T12:45:10","slug":"maerchenhaft-sagen-legenden-aus-dem-dresdner-elbtal","status":"publish","type":"page","link":"http:\/\/www.theaterzirkus-dresden.de\/en\/maerchenhaft-sagen-legenden-aus-dem-dresdner-elbtal\/","title":{"rendered":"M\u00c4RCHENHAFT- SAGEN &#038; LEGENDEN AUS DEM DRESDNER ELBTAL"},"content":{"rendered":"<p><a href=\"http:\/\/www.theaterzirkus-dresden.de\/wp-content\/uploads\/2015\/05\/Sagen11.jpg\" rel=\"attachment wp-att-383\"><img loading=\"lazy\" decoding=\"async\" class=\"alignnone size-full wp-image-383\" src=\"http:\/\/www.theaterzirkus-dresden.de\/wp-content\/uploads\/2015\/05\/Sagen11.jpg\" alt=\"Sagen1\" width=\"804\" height=\"386\" srcset=\"http:\/\/www.theaterzirkus-dresden.de\/wp-content\/uploads\/2015\/05\/Sagen11.jpg 804w, http:\/\/www.theaterzirkus-dresden.de\/wp-content\/uploads\/2015\/05\/Sagen11-300x144.jpg 300w\" sizes=\"auto, (max-width: 804px) 100vw, 804px\" \/><\/a><\/p>\n<p>Tom Quaas und Frank Fr\u00f6hlich lassen M\u00e4rchen und Sagen, die ihren Ursprung in und um Dresden haben und nahezu vergessen schienen, als \u201emusikalische Erz\u00e4hlungen\u201c wiederauferstehen. Die meisten von ihnen stammen, wie die Grimm\u2019schen M\u00e4rchen, aus m\u00fcndlicher \u00dcberlieferung. So hat zum Beispiel der lustige Oberlausitzer M\u00fcllerbursche Pumphut \u2013 eine Art Krabat-Figur, die allenfalls einem H\u00e4uflein heimatkundlicher Spezialisten noch gel\u00e4ufig sein d\u00fcrfte \u2013 jetzt die M\u00f6glichkeit, von Kindern und Erwachsenen wieder entdeckt zu werden.<\/p>\n<p>Kompositionen, Textauswahl &amp; Musik: <a href=\"http:\/\/www.frankfroehlich.de\/\">Frank Fr\u00f6hlich<\/a><br \/>\nSprecher: <a href=\"http:\/\/www.theaterzirkus-dresden.de\/direktor\/vita\/\">Tom Quaas<\/a><\/p>\n<p>&nbsp;<\/p>\n","protected":false},"excerpt":{"rendered":"<p>Tom Quaas und Frank Fr\u00f6hlich lassen M\u00e4rchen und Sagen, die ihren Ursprung in und um Dresden haben und nahezu vergessen schienen, als \u201emusikalische Erz\u00e4hlungen\u201c wiederauferstehen. Die meisten von ihnen stammen,&#8230;<\/p>\n<p><a href=\"http:\/\/www.theaterzirkus-dresden.de\/en\/maerchenhaft-sagen-legenden-aus-dem-dresdner-elbtal\/\"><span class=\"glyphicon glyphicon-arrow-right\"><\/span>&nbsp;Continue reading<\/a><\/p>","protected":false},"author":3,"featured_media":0,"parent":0,"menu_order":0,"comment_status":"closed","ping_status":"closed","template":"","meta":{"footnotes":""},"class_list":["post-817","page","type-page","status-publish","hentry"],"translation":{"provider":"WPGlobus","version":"3.0.2","language":"en","enabled_languages":["de","en"],"languages":{"de":{"title":true,"content":true,"excerpt":false},"en":{"title":false,"content":false,"excerpt":false}}},"_links":{"self":[{"href":"http:\/\/www.theaterzirkus-dresden.de\/en\/wp-json\/wp\/v2\/pages\/817","targetHints":{"allow":["GET"]}}],"collection":[{"href":"http:\/\/www.theaterzirkus-dresden.de\/en\/wp-json\/wp\/v2\/pages"}],"about":[{"href":"http:\/\/www.theaterzirkus-dresden.de\/en\/wp-json\/wp\/v2\/types\/page"}],"author":[{"embeddable":true,"href":"http:\/\/www.theaterzirkus-dresden.de\/en\/wp-json\/wp\/v2\/users\/3"}],"replies":[{"embeddable":true,"href":"http:\/\/www.theaterzirkus-dresden.de\/en\/wp-json\/wp\/v2\/comments?post=817"}],"version-history":[{"count":2,"href":"http:\/\/www.theaterzirkus-dresden.de\/en\/wp-json\/wp\/v2\/pages\/817\/revisions"}],"predecessor-version":[{"id":819,"href":"http:\/\/www.theaterzirkus-dresden.de\/en\/wp-json\/wp\/v2\/pages\/817\/revisions\/819"}],"wp:attachment":[{"href":"http:\/\/www.theaterzirkus-dresden.de\/en\/wp-json\/wp\/v2\/media?parent=817"}],"curies":[{"name":"wp","href":"https:\/\/api.w.org\/{rel}","templated":true}]}}