{"id":782,"date":"2016-03-17T18:11:26","date_gmt":"2016-03-17T17:11:26","guid":{"rendered":"http:\/\/www.theaterzirkus-dresden.de\/?page_id=782"},"modified":"2025-07-12T20:30:44","modified_gmt":"2025-07-12T18:30:44","slug":"milchwald","status":"publish","type":"page","link":"http:\/\/www.theaterzirkus-dresden.de\/en\/milchwald\/","title":{"rendered":"Unter dem Milchwald von Dylan Thomas"},"content":{"rendered":"<p><a id=\"458449\" href=\"http:\/\/www.xn--geflltmirbutton-2kb.de\">gef\u00e4lltmirbutton<\/a><br \/>\n<script src=\"http:\/\/www.gef\u00e4lltmirbutton.de\/likebutton.php?u=http%3A%2F%2Fwww.facebook.com%2Ftheaterzirkusdresden&amp;h=30&amp;w=150&amp;l=button_count&amp;s=border%3Anone%3B+overflow%3Ahidden%3B+width%3A150px%3B+height%3A30px%3B&amp;i=458449&amp;sf=true&amp;st=false&amp;sh=false&amp;typ=1\" type=\"text\/javascript\"><\/script><\/p>\n<p><a href=\"http:\/\/www.theaterzirkus-dresden.de\/wp-content\/uploads\/2016\/03\/milchwald.jpg\" rel=\"attachment wp-att-783\"><img loading=\"lazy\" decoding=\"async\" class=\"alignnone size-full wp-image-783\" src=\"http:\/\/www.theaterzirkus-dresden.de\/wp-content\/uploads\/2016\/03\/milchwald.jpg\" alt=\"milchwald\" width=\"960\" height=\"720\" \/><\/a><\/p>\n<p>Der walisischer Schriftsteller Dylan Marlais Thomas (1914 &#8211; 1953) schrieb u.A. Gedichte, Drehb\u00fccher, autobiographische Erz\u00e4hlungen und ein Theaterst\u00fcck: &#8220;Under Milk Wood&#8221;. Es ist sein Hauptwerk, das als H\u00f6rspiel 1954 postum mit dem Prix Italia ausgezeichnet wurde.<br \/>\nDas ber\u00fchmteste H\u00f6rbuch der Rundfunkgeschichte ist angef\u00fcllt mit stimmlichen Experimenten, sinnlichen Metaphern und Ger\u00e4uschen eines Tages im walisischen Fischerdorf Llarregyb.<br \/>\nIm Mittelpunkt steht eine Vielzahl von Charakteren, deren Hoffnungen und Tr\u00e4ume sich dem Publikum in einer schnellen Abfolge heiterer und lyrischer Dialoge entfalten. Da ist zum Beispiel Captain Cat, ein blinder ehemaliger Seekapit\u00e4n, der von seinen toten Seekameraden tr\u00e4umt. Die Schneiderin Myfanwy Price tr\u00e4umt davon, den Tuchh\u00e4ndler Mog Edwards zu heiraten, der ihre Gef\u00fchle erwidert, sich ihr aber nur in Briefen n\u00e4hern darf. Die Pensionswirtin Mrs. Ogmore-Pritchard ist eine mehrfache Witwe, die von ihren verstorbenen M\u00e4nnern tr\u00e4umt und sich weigert, G\u00e4ste aufzunehmen, weil die Lebenden das Haus schmutzig machen k\u00f6nnten&#8230;<br \/>\nTom Quaas liest und spielt die \u00fcber 30 Figuren an diesem Abend selbst und wird von Anna Zepnick musikalisch begleitet.<\/p>\n<p><em>&#8220;30 Arten von Liebe an einem Abend&#8221; <\/em><a href=\"https:\/\/www.lr-online.de\/lausitz\/hoyerswerda\/30-arten-von-liebe-an-einem-abend_aid-3603226\">(Lausitzer Rundschau)<\/a><em><br \/>\n<\/em><\/p>\n<p><em>\u201eWenn dieser Ausnahmeschauspieler [Tom Quaas] auf ein anderes Ph\u00e4nomen trifft, ein Sprachgenie voller Wortwitz, wie den walisischen Schriftsteller Dylan Thomas (1914 bis 1953), dann entsteht ein neuer Kosmos aus reiner Fantasie.\u201c <\/em><a href=\"http:\/\/www.maz-online.de\/Lokales\/Brandenburg-Havel\/Eine-Nacht-und-ein-Tag-in-Llareggub\">(M\u00e4rkische Allgemeine)<\/a><\/p>\n<p><em>&#8220;Die Intensit\u00e4t des Spiels ist wie ein Sog, \u00fcberbordend mengen sich Komik und Bitterkeit und ungeachtet dessen, dass einer Premiere die Routine fehlen muss, ist hier etwas gro\u00dfartig Poetisches gelungen, dem man viele Zuschauer w\u00fcnscht.&#8221; (<\/em>Dresdner Neueste Nachrichten)<\/p>\n<p>Darsteller: Tom Quaas und Anna Zepnick<\/p>\n<p>Spieldauer: 1:20 h (ohne Pause), 1:45h (mit Pause)<\/p>\n<p>F\u00fcr die Gestaltung der Druckdaten danken wir herzlich:<\/p>\n<p><a href=\"https:\/\/purinto.eu\/\"><img loading=\"lazy\" decoding=\"async\" class=\"alignnone wp-image-1324\" src=\"http:\/\/www.theaterzirkus-dresden.de\/wp-content\/uploads\/2016\/03\/purinto-quer.png\" alt=\"\" width=\"344\" height=\"140\" srcset=\"http:\/\/www.theaterzirkus-dresden.de\/wp-content\/uploads\/2016\/03\/purinto-quer.png 501w, http:\/\/www.theaterzirkus-dresden.de\/wp-content\/uploads\/2016\/03\/purinto-quer-300x122.png 300w\" sizes=\"auto, (max-width: 344px) 100vw, 344px\" \/><\/a><\/p>\n","protected":false},"excerpt":{"rendered":"<p>gef\u00e4lltmirbutton Der walisischer Schriftsteller Dylan Marlais Thomas (1914 &#8211; 1953) schrieb u.A. Gedichte, Drehb\u00fccher, autobiographische Erz\u00e4hlungen und ein Theaterst\u00fcck: &#8220;Under Milk Wood&#8221;. Es ist sein Hauptwerk, das als H\u00f6rspiel 1954&#8230;<\/p>\n<p><a href=\"http:\/\/www.theaterzirkus-dresden.de\/en\/milchwald\/\"><span class=\"glyphicon glyphicon-arrow-right\"><\/span>&nbsp;Continue reading<\/a><\/p>","protected":false},"author":3,"featured_media":0,"parent":0,"menu_order":0,"comment_status":"closed","ping_status":"closed","template":"","meta":{"footnotes":""},"class_list":["post-782","page","type-page","status-publish","hentry"],"translation":{"provider":"WPGlobus","version":"3.0.2","language":"en","enabled_languages":["de","en"],"languages":{"de":{"title":true,"content":true,"excerpt":false},"en":{"title":false,"content":false,"excerpt":false}}},"_links":{"self":[{"href":"http:\/\/www.theaterzirkus-dresden.de\/en\/wp-json\/wp\/v2\/pages\/782","targetHints":{"allow":["GET"]}}],"collection":[{"href":"http:\/\/www.theaterzirkus-dresden.de\/en\/wp-json\/wp\/v2\/pages"}],"about":[{"href":"http:\/\/www.theaterzirkus-dresden.de\/en\/wp-json\/wp\/v2\/types\/page"}],"author":[{"embeddable":true,"href":"http:\/\/www.theaterzirkus-dresden.de\/en\/wp-json\/wp\/v2\/users\/3"}],"replies":[{"embeddable":true,"href":"http:\/\/www.theaterzirkus-dresden.de\/en\/wp-json\/wp\/v2\/comments?post=782"}],"version-history":[{"count":17,"href":"http:\/\/www.theaterzirkus-dresden.de\/en\/wp-json\/wp\/v2\/pages\/782\/revisions"}],"predecessor-version":[{"id":3534,"href":"http:\/\/www.theaterzirkus-dresden.de\/en\/wp-json\/wp\/v2\/pages\/782\/revisions\/3534"}],"wp:attachment":[{"href":"http:\/\/www.theaterzirkus-dresden.de\/en\/wp-json\/wp\/v2\/media?parent=782"}],"curies":[{"name":"wp","href":"https:\/\/api.w.org\/{rel}","templated":true}]}}