{"id":777,"date":"2016-03-17T17:54:52","date_gmt":"2016-03-17T16:54:52","guid":{"rendered":"http:\/\/www.theaterzirkus-dresden.de\/?page_id=777"},"modified":"2017-01-04T19:15:25","modified_gmt":"2017-01-04T18:15:25","slug":"brecht","status":"publish","type":"page","link":"http:\/\/www.theaterzirkus-dresden.de\/en\/brecht\/","title":{"rendered":"BRECHTS LEIDENSCHAFT"},"content":{"rendered":"<h2>Tom Quaas und das Michael-Fuchs-Trio<\/h2>\n<p><a href=\"http:\/\/www.theaterzirkus-dresden.de\/wp-content\/uploads\/2015\/05\/tquaas-1911-finish05-700.jpg\" rel=\"attachment wp-att-314\"><img loading=\"lazy\" decoding=\"async\" class=\"alignnone size-full wp-image-314\" src=\"http:\/\/www.theaterzirkus-dresden.de\/wp-content\/uploads\/2015\/05\/tquaas-1911-finish05-700.jpg\" alt=\"tquaas-1911-finish05-700\" width=\"1000\" height=\"500\" srcset=\"http:\/\/www.theaterzirkus-dresden.de\/wp-content\/uploads\/2015\/05\/tquaas-1911-finish05-700.jpg 1000w, http:\/\/www.theaterzirkus-dresden.de\/wp-content\/uploads\/2015\/05\/tquaas-1911-finish05-700-300x150.jpg 300w\" sizes=\"auto, (max-width: 1000px) 100vw, 1000px\" \/><\/a><\/p>\n<div class=\"wp-playlist wp-audio-playlist wp-playlist-light\">\n\t\t\t<div class=\"wp-playlist-current-item\"><\/div>\n\t\t<audio controls=\"controls\" preload=\"none\" width=\"728\"\n\t\t\t><\/audio>\n\t<div class=\"wp-playlist-next\"><\/div>\n\t<div class=\"wp-playlist-prev\"><\/div>\n\t<noscript>\n\t<ol>\n\t\t<li><a href='http:\/\/www.theaterzirkus-dresden.de\/wp-content\/uploads\/2015\/08\/Tom-Quaas-Brecht-720p.mp3'>Brecht Abend- Tom Quaas<\/a><\/li>\t<\/ol>\n\t<\/noscript>\n\t<script type=\"application\/json\" class=\"wp-playlist-script\">{\"type\":\"audio\",\"tracklist\":true,\"tracknumbers\":true,\"images\":true,\"artists\":true,\"tracks\":[{\"src\":\"http:\/\/www.theaterzirkus-dresden.de\/wp-content\/uploads\/2015\/08\/Tom-Quaas-Brecht-720p.mp3\",\"type\":\"audio\/mpeg\",\"title\":\"Brecht Abend- Tom Quaas\",\"caption\":\"\",\"description\":\"Brecht Abend- Tom Quaas. Ver\\u00f6ffentlicht: 2015. Titel 1.\",\"meta\":{\"year\":\"2015\",\"length_formatted\":\"0:53\"},\"image\":{\"src\":\"http:\/\/www.theaterzirkus-dresden.de\/wp-includes\/images\/media\/audio.svg\",\"width\":48,\"height\":64},\"thumb\":{\"src\":\"http:\/\/www.theaterzirkus-dresden.de\/wp-includes\/images\/media\/audio.svg\",\"width\":48,\"height\":64}}]}<\/script>\n<\/div>\n\t\n<p>\u201eLiebe! Krebse paaren sich im September, die Menschen immer.\u201c<br \/>\nUnd: \u201eDer Beischlaf st\u00f6rt die Weisheit nicht. Aber die Weisheit st\u00f6rt den Beischlaf\u201c.<br \/>\nAusspr\u00fcche von Brecht, in dessen Dramen f\u00fcr die Liebe meist nur am Rande Platz war. Dennoch kam er an ihr und den Frauen nie vorbei, wie in seiner Lyrik recht pikant abzulesen. In den Gedichten ist zu sp\u00fcren, wie ihn beispielsweise das Mysterium Sexualit\u00e4t faszinierte und besch\u00e4ftigte. Mehrere, auch sentimentale, R\u00fcckblicke auf l\u00e4ngst verflossene Lieben: \u201eEin Tag verl\u00f6scht, was sieben Monde lang strahlend war.\u201c<\/p>\n<p>Der Schauspieler Tom Quaas will in einer Brecht-Collage von Hans Br\u00e4unlich diese nicht so bekannte Seite des Dichters dem Publikum nahe bringen \u2013 musikalische begleitet vom Michael-Fuchs-Trio.<\/p>\n<p>Spieldauer: \u00a0\u00a0\u00a0\u00a0\u00a0\u00a0\u00a0\u00a0\u00a0\u00a0\u00a0\u00a0\u00a0\u00a0\u00a0\u00a0\u00a0\u00a0\u00a0\u00a0 \u00a0\u00a0\u00a0\u00a0\u00a0\u00a0\u00a01:45 h mit einer Pause<\/p>\n","protected":false},"excerpt":{"rendered":"<p>Tom Quaas und das Michael-Fuchs-Trio \u201eLiebe! Krebse paaren sich im September, die Menschen immer.\u201c Und: \u201eDer Beischlaf st\u00f6rt die Weisheit nicht. Aber die Weisheit st\u00f6rt den Beischlaf\u201c. Ausspr\u00fcche von Brecht,&#8230;<\/p>\n<p><a href=\"http:\/\/www.theaterzirkus-dresden.de\/en\/brecht\/\"><span class=\"glyphicon glyphicon-arrow-right\"><\/span>&nbsp;Continue reading<\/a><\/p>","protected":false},"author":3,"featured_media":0,"parent":0,"menu_order":0,"comment_status":"closed","ping_status":"closed","template":"page-no-breadcrumbs.php","meta":{"footnotes":""},"class_list":["post-777","page","type-page","status-publish","hentry"],"translation":{"provider":"WPGlobus","version":"3.0.2","language":"en","enabled_languages":["de","en"],"languages":{"de":{"title":true,"content":true,"excerpt":false},"en":{"title":false,"content":false,"excerpt":false}}},"_links":{"self":[{"href":"http:\/\/www.theaterzirkus-dresden.de\/en\/wp-json\/wp\/v2\/pages\/777","targetHints":{"allow":["GET"]}}],"collection":[{"href":"http:\/\/www.theaterzirkus-dresden.de\/en\/wp-json\/wp\/v2\/pages"}],"about":[{"href":"http:\/\/www.theaterzirkus-dresden.de\/en\/wp-json\/wp\/v2\/types\/page"}],"author":[{"embeddable":true,"href":"http:\/\/www.theaterzirkus-dresden.de\/en\/wp-json\/wp\/v2\/users\/3"}],"replies":[{"embeddable":true,"href":"http:\/\/www.theaterzirkus-dresden.de\/en\/wp-json\/wp\/v2\/comments?post=777"}],"version-history":[{"count":5,"href":"http:\/\/www.theaterzirkus-dresden.de\/en\/wp-json\/wp\/v2\/pages\/777\/revisions"}],"predecessor-version":[{"id":1265,"href":"http:\/\/www.theaterzirkus-dresden.de\/en\/wp-json\/wp\/v2\/pages\/777\/revisions\/1265"}],"wp:attachment":[{"href":"http:\/\/www.theaterzirkus-dresden.de\/en\/wp-json\/wp\/v2\/media?parent=777"}],"curies":[{"name":"wp","href":"https:\/\/api.w.org\/{rel}","templated":true}]}}