{"id":2637,"date":"2022-10-12T15:39:08","date_gmt":"2022-10-12T13:39:08","guid":{"rendered":"http:\/\/www.theaterzirkus-dresden.de\/?page_id=2637"},"modified":"2022-10-12T15:39:10","modified_gmt":"2022-10-12T13:39:10","slug":"laurel-hardy","status":"publish","type":"page","link":"http:\/\/www.theaterzirkus-dresden.de\/en\/laurel-hardy\/","title":{"rendered":"Laurel &#038; Hardy"},"content":{"rendered":"\n<figure class=\"wp-block-image size-large\"><img loading=\"lazy\" decoding=\"async\" width=\"1024\" height=\"739\" src=\"http:\/\/www.theaterzirkus-dresden.de\/wp-content\/uploads\/2022\/10\/laurel-und-Hardy-1-1024x739.jpg\" alt=\"\" class=\"wp-image-2638\" srcset=\"http:\/\/www.theaterzirkus-dresden.de\/wp-content\/uploads\/2022\/10\/laurel-und-Hardy-1-1024x739.jpg 1024w, http:\/\/www.theaterzirkus-dresden.de\/wp-content\/uploads\/2022\/10\/laurel-und-Hardy-1-300x217.jpg 300w, http:\/\/www.theaterzirkus-dresden.de\/wp-content\/uploads\/2022\/10\/laurel-und-Hardy-1-768x555.jpg 768w, http:\/\/www.theaterzirkus-dresden.de\/wp-content\/uploads\/2022\/10\/laurel-und-Hardy-1-1536x1109.jpg 1536w, http:\/\/www.theaterzirkus-dresden.de\/wp-content\/uploads\/2022\/10\/laurel-und-Hardy-1-2048x1479.jpg 2048w\" sizes=\"auto, (max-width: 1024px) 100vw, 1024px\" \/><figcaption>Foto: Carsten N\u00fcssler<\/figcaption><\/figure>\n\n\n\n<h3 class=\"wp-block-heading\">Kom\u00f6die von Tom McGrath<\/h3>\n\n\n\n<p><strong>mit <a href=\"https:\/\/www.theaterkahn.de\/mitwirkende\/tom-quaas\/\">Tom Quaas<\/a><\/strong> und <strong><a href=\"https:\/\/www.theaterkahn.de\/mitwirkende\/felix-c-voigt\/\">Felix C. Voigt<\/a><\/strong><\/p>\n\n\n\n<p><strong>Regie: <a href=\"https:\/\/www.theaterkahn.de\/mitwirkende\/arne-retzlaff\/\">Arne Retzlaff<\/a><\/strong><br><strong>B\u00fchnenbild: <a href=\"https:\/\/www.theaterkahn.de\/mitwirkende\/carsten-nuessler\/\">Carsten N\u00fcssler<\/a><\/strong><br><strong>Kost\u00fcm: <a href=\"https:\/\/www.theaterkahn.de\/mitwirkende\/katharina-lorenz\/\">Katharina Lorenz<\/a><\/strong><br><\/p>\n\n\n\n<p> Mit diesem St\u00fcck hat Tom McGrath dem gr\u00f6\u00dften Komikerpaar der  Filmgeschichte ein heiteres Denkmal gesetzt. Stan Laurel und Oliver  Hardy treffen sich, um noch einmal die H\u00f6hepunkte ihrer Karriere zu  durchleben. In einem musikalisch-kom\u00f6diantischen Bilderbogen \u2013 von den  Anf\u00e4ngen der beiden in den Music Halls, den gro\u00dfen Erfolgen unter dem  Produzenten Hal Roach bis zum Ende ihrer Karriere in Frankreich \u2013 l\u00e4sst  Tom McGrath den d\u00fcnnen Stan und seinen dicken Freund Ollie ihre  Biographien erz\u00e4hlen, indem er den Lebensstationen kleine Ausschnitte  aus den Filmen beimischt. So entsteht ein r\u00fchrendes Doppelportr\u00e4t des  ber\u00fchmten K\u00fcnstlerpaares voller Wortwitz, Slapstick und Situationskomik.<\/p>\n\n\n\n<blockquote class=\"wp-block-quote is-layout-flow wp-block-quote-is-layout-flow\"><p>  Doch wer k\u00f6nnte den dicken Amerikaner Olli Hardy mit dem gro\u00dfen Herzen  und den oftmals unkontrollierten Emotionen spielen? Da gibt es  eigentlich nur einen Schauspieler, der noch dazu an der einzigen  \u00f6ffentlichen Zirkus-Hochschule Europas studierte und Gr\u00fcnder des Theaterzirkus  Dresden ist: Tom Quaas. Sein Pendant, und wahrlich ein \u201eechter\u201c Stan  wurde mit Felix C. Voigt gefunden. Sie toben auf einer Leiter herum,  dass der Theaterkahn vibriert, sie fallen theatralisch hin, steppen,  singen (englisch), tanzen, streiten und vertragen sich, dass es eine Freude ist.    <\/p><cite>Regine Eberlein &#8211; Theatercourier<\/cite><\/blockquote>\n\n\n\n<p><br><\/p>\n\n\n\n<p> <\/p>\n","protected":false},"excerpt":{"rendered":"<p>Kom\u00f6die von Tom McGrath mit Tom Quaas und Felix C. Voigt Regie: Arne RetzlaffB\u00fchnenbild: Carsten N\u00fcsslerKost\u00fcm: Katharina Lorenz Mit diesem St\u00fcck hat Tom McGrath dem gr\u00f6\u00dften Komikerpaar der Filmgeschichte ein&#8230;<\/p>\n<p><a href=\"http:\/\/www.theaterzirkus-dresden.de\/en\/laurel-hardy\/\"><span class=\"glyphicon glyphicon-arrow-right\"><\/span>&nbsp;Continue reading<\/a><\/p>","protected":false},"author":3,"featured_media":0,"parent":0,"menu_order":0,"comment_status":"closed","ping_status":"closed","template":"","meta":{"footnotes":""},"class_list":["post-2637","page","type-page","status-publish","hentry"],"translation":{"provider":"WPGlobus","version":"3.0.2","language":"en","enabled_languages":["de","en"],"languages":{"de":{"title":true,"content":true,"excerpt":false},"en":{"title":false,"content":false,"excerpt":false}}},"_links":{"self":[{"href":"http:\/\/www.theaterzirkus-dresden.de\/en\/wp-json\/wp\/v2\/pages\/2637","targetHints":{"allow":["GET"]}}],"collection":[{"href":"http:\/\/www.theaterzirkus-dresden.de\/en\/wp-json\/wp\/v2\/pages"}],"about":[{"href":"http:\/\/www.theaterzirkus-dresden.de\/en\/wp-json\/wp\/v2\/types\/page"}],"author":[{"embeddable":true,"href":"http:\/\/www.theaterzirkus-dresden.de\/en\/wp-json\/wp\/v2\/users\/3"}],"replies":[{"embeddable":true,"href":"http:\/\/www.theaterzirkus-dresden.de\/en\/wp-json\/wp\/v2\/comments?post=2637"}],"version-history":[{"count":1,"href":"http:\/\/www.theaterzirkus-dresden.de\/en\/wp-json\/wp\/v2\/pages\/2637\/revisions"}],"predecessor-version":[{"id":2639,"href":"http:\/\/www.theaterzirkus-dresden.de\/en\/wp-json\/wp\/v2\/pages\/2637\/revisions\/2639"}],"wp:attachment":[{"href":"http:\/\/www.theaterzirkus-dresden.de\/en\/wp-json\/wp\/v2\/media?parent=2637"}],"curies":[{"name":"wp","href":"https:\/\/api.w.org\/{rel}","templated":true}]}}