{"id":250,"date":"2015-05-11T18:25:52","date_gmt":"2015-05-11T17:25:52","guid":{"rendered":"http:\/\/www.theaterzirkus-dresden.de\/?page_id=250"},"modified":"2018-03-21T08:40:13","modified_gmt":"2018-03-21T07:40:13","slug":"zu-hoeren","status":"publish","type":"page","link":"http:\/\/www.theaterzirkus-dresden.de\/en\/direktor\/zu-hoeren\/","title":{"rendered":"Lesung &#038; H\u00f6rb\u00fccher"},"content":{"rendered":"<p><a id=\"458449\" href=\"http:\/\/www.xn--geflltmirbutton-2kb.de\">gef\u00e4lltmirbutton<\/a><\/p>\n<div aria-live=\"polite\" id=\"soliloquy-container-978_1\" class=\"soliloquy-container soliloquy-transition-fade  soliloquy-theme-base\" style=\"max-width:600px;max-height:400px;\"><ul id=\"soliloquy-978_1\" class=\"soliloquy-slider soliloquy-slides soliloquy-wrap soliloquy-clear\"><li aria-hidden=\"true\" class=\"soliloquy-item soliloquy-item-1 soliloquy-image-slide\" draggable=\"false\" style=\"list-style:none\"><a href=\"https:\/\/www.artundform.de\/armin-mueller-stahl-traeumerei.html\" class=\"soliloquy-link\" title=\"Vernissage Art und Form Dresden\" target=\"_blank\"><img decoding=\"async\" id=\"soliloquy-image-979\" class=\"soliloquy-image soliloquy-image-1\" src=\"http:\/\/www.theaterzirkus-dresden.de\/wp-content\/uploads\/2016\/04\/vernissage-ams-6943-600x400_c.jpg\" alt=\"Vernissage Art und Form Dresden\" \/><\/a><div class=\"soliloquy-caption\"><div class=\"soliloquy-caption-inside\">Art+Form Dresden |\nArmin Mueller-Stahl |\nTr\u00e4umerei | Ausstellung vom 24. April bis 2. Juni 2016\nLesung zur Vernissage\nFoto: art+form<\/div><\/div><\/li><li aria-hidden=\"true\" class=\"soliloquy-item soliloquy-item-2 soliloquy-image-slide\" draggable=\"false\" style=\"list-style:none\"><img decoding=\"async\" id=\"soliloquy-image-1567\" class=\"soliloquy-image soliloquy-image-2\" src=\"http:\/\/www.theaterzirkus-dresden.de\/wp-content\/uploads\/2018\/03\/Literaturfest-Mei\u00dfen_Daniel-Bahrmann-600x400_c.jpg\" alt=\"Literaturfest Mei\u00dfen_Daniel Bahrmann\" \/><div class=\"soliloquy-caption\"><div class=\"soliloquy-caption-inside\">Literaturfest Mei\u00dfen Foto: Daniel Bahrmann<\/div><\/div><\/li><li aria-hidden=\"true\" class=\"soliloquy-item soliloquy-item-3 soliloquy-image-slide\" draggable=\"false\" style=\"list-style:none\"><a href=\"https:\/\/www.artundform.de\/armin-mueller-stahl_vernissage-traeumerei.html\" class=\"soliloquy-link\" title=\"Vernissage Art und Form Dresden_2\" target=\"_blank\"><img decoding=\"async\" id=\"soliloquy-image-980\" class=\"soliloquy-image soliloquy-image-3\" src=\"http:\/\/www.theaterzirkus-dresden.de\/wp-content\/uploads\/2016\/04\/vernissage-ams-240416_2-600x400_c.jpg\" alt=\"Vernissage Art und Form Dresden_2\" \/><\/a><div class=\"soliloquy-caption\"><div class=\"soliloquy-caption-inside\">Art+Form Dresden |\nArmin Mueller-Stahl |\nTr\u00e4umerei | Ausstellung vom 24. April bis 2. Juni 2016\nLesung zur Vernissage\nFoto: art+form<\/div><\/div><\/li><li aria-hidden=\"true\" class=\"soliloquy-item soliloquy-item-4 soliloquy-image-slide\" draggable=\"false\" style=\"list-style:none\"><a href=\"http:\/\/shop.schloss-wackerbarth.de\/das-kleine-prickeln.html\" class=\"soliloquy-link\" title=\"WeinLese Schloss Wackerbarth\" target=\"_blank\"><img decoding=\"async\" id=\"soliloquy-image-986\" class=\"soliloquy-image soliloquy-image-4\" src=\"http:\/\/www.theaterzirkus-dresden.de\/wp-content\/uploads\/2016\/04\/Wackerbarth-1-600x400_c.jpg\" alt=\"WeinLese Schloss Wackerbarth\" \/><\/a><div class=\"soliloquy-caption\"><div class=\"soliloquy-caption-inside\">Liebesbriefe gro\u00dfer M\u00e4nner- WeinLese auf Schloss Wackerbarth\nLesung: Tom Quaas musikalisch umspielt von einer Violinistin<\/div><\/div><\/li><li aria-hidden=\"true\" class=\"soliloquy-item soliloquy-item-5 soliloquy-image-slide\" draggable=\"false\" style=\"list-style:none\"><img decoding=\"async\" id=\"soliloquy-image-988\" class=\"soliloquy-image soliloquy-image-5\" src=\"http:\/\/www.theaterzirkus-dresden.de\/wp-content\/uploads\/2016\/04\/1-TQuaas-600x400_c.jpg\" alt=\"1-TQuaas\" \/><\/li><\/ul><\/div><noscript><style type=\"text\/css\">#soliloquy-container-978_1{opacity:1}<\/style><\/noscript>\n<p><script src=\"http:\/\/www.gef\u00e4lltmirbutton.de\/likebutton.php?u=http%3A%2F%2Fwww.facebook.com%2Ftheaterzirkusdresden&amp;h=30&amp;w=150&amp;l=button_count&amp;s=border%3Anone%3B+overflow%3Ahidden%3B+width%3A150px%3B+height%3A30px%3B&amp;i=458449&amp;sf=true&amp;st=false&amp;sh=false&amp;typ=1\" type=\"text\/javascript\"><\/script><\/p>\n<h4>LESUNG<\/h4>\n<p>2017 Kommentierte Lesung &#8220;Mein Kampf&#8221; Milit\u00e4rhistorisches Museum<\/p>\n<p>2015\/16 <a href=\"http:\/\/shop.schloss-wackerbarth.de\/das-kleine-prickeln.html\">LIEBESBRIEFE GROSSER M\u00c4NNER<\/a> WeinLese auf <a href=\"http:\/\/shop.schloss-wackerbarth.de\/das-kleine-prickeln.html\">Schloss Wackerbarth<\/a><\/p>\n<p>2016 Lesung zur Vernissage <a href=\"https:\/\/www.artundform.de\/armin-mueller-stahl-traeumerei.html\">TR\u00c4UMEREI &#8211; Armin M\u00fcller Stahl<\/a> im <a href=\"https:\/\/www.artundform.de\/armin-mueller-stahl-traeumerei.html\">Art und Form Dresden<\/a><\/p>\n<p>regelm\u00e4\u00dfig zum <a href=\"http:\/\/literaturfest-meissen.de\/\">Literaturfest Mei\u00dfen<\/a> (Foto in der Galerie: <a href=\"http:\/\/www.danielbahrmann.de\">Daniel Barhmann<\/a>)<\/p>\n<h4><strong>SPRECHER im <a href=\"http:\/\/www.theatersommer-netzeband.de\">Synchrontheater Netzeband<\/a><\/strong><\/h4>\n<p>2016 PEER GYNT von Henrik Ibsen, Regie: Andree Solvik<\/p>\n<p>2015 K\u00d6NIG RICHARD DER III. von William Shakespeare, Regie: Hermann H\u00f6cker<\/p>\n<p>2014 DIE NIBELUNGEN von Andrey Perrey, Inszenierung: Frank Matthus<\/p>\n<p>&nbsp;<\/p>\n<h4><strong>H\u00d6RB\u00dcCHER<\/strong><\/h4>\n<p>HAMLET von William Shakespeare, Verlag: Der Sprachraum<\/p>\n<p>VINCENT VAN GOGH- Geschichte eines Lebens, Verlag: Der Sprachraum<\/p>\n<p>&nbsp;<\/p>\n<h4><strong>H\u00d6RSPIELE<\/strong><\/h4>\n<p>SCHREI DER G\u00c4NSE von\u00a0John von D\u00fcffel, Regie: Christiane Ohaus, Radio-Tatort. Radio Bremen<\/p>\n<p>&nbsp;<\/p>\n<h4>H\u00d6RPROBE<\/h4>\n<p>BERTOLT BRECHTS LEIDENSCHAFT<\/p>\n<audio class=\"wp-audio-shortcode\" id=\"audio-250-1\" preload=\"none\" style=\"width: 100%;\" controls=\"controls\"><source type=\"audio\/mpeg\" src=\"http:\/\/www.theaterzirkus-dresden.de\/wp-content\/uploads\/2015\/08\/Tom-Quaas-Brecht-720p.mp3?_=1\" \/><a href=\"http:\/\/www.theaterzirkus-dresden.de\/wp-content\/uploads\/2015\/08\/Tom-Quaas-Brecht-720p.mp3\">http:\/\/www.theaterzirkus-dresden.de\/wp-content\/uploads\/2015\/08\/Tom-Quaas-Brecht-720p.mp3<\/a><\/audio>\n<p>&nbsp;<\/p>\n","protected":false},"excerpt":{"rendered":"<p>gef\u00e4lltmirbutton LESUNG 2017 Kommentierte Lesung &#8220;Mein Kampf&#8221; Milit\u00e4rhistorisches Museum 2015\/16 LIEBESBRIEFE GROSSER M\u00c4NNER WeinLese auf Schloss Wackerbarth 2016 Lesung zur Vernissage TR\u00c4UMEREI &#8211; Armin M\u00fcller Stahl im Art und Form&#8230;<\/p>\n<p><a href=\"http:\/\/www.theaterzirkus-dresden.de\/en\/direktor\/zu-hoeren\/\"><span class=\"glyphicon glyphicon-arrow-right\"><\/span>&nbsp;Continue reading<\/a><\/p>","protected":false},"author":3,"featured_media":0,"parent":15,"menu_order":0,"comment_status":"closed","ping_status":"closed","template":"page-no-breadcrumbs-full-width.php","meta":{"footnotes":""},"class_list":["post-250","page","type-page","status-publish","hentry"],"translation":{"provider":"WPGlobus","version":"3.0.2","language":"en","enabled_languages":["de","en"],"languages":{"de":{"title":true,"content":true,"excerpt":false},"en":{"title":false,"content":false,"excerpt":false}}},"_links":{"self":[{"href":"http:\/\/www.theaterzirkus-dresden.de\/en\/wp-json\/wp\/v2\/pages\/250","targetHints":{"allow":["GET"]}}],"collection":[{"href":"http:\/\/www.theaterzirkus-dresden.de\/en\/wp-json\/wp\/v2\/pages"}],"about":[{"href":"http:\/\/www.theaterzirkus-dresden.de\/en\/wp-json\/wp\/v2\/types\/page"}],"author":[{"embeddable":true,"href":"http:\/\/www.theaterzirkus-dresden.de\/en\/wp-json\/wp\/v2\/users\/3"}],"replies":[{"embeddable":true,"href":"http:\/\/www.theaterzirkus-dresden.de\/en\/wp-json\/wp\/v2\/comments?post=250"}],"version-history":[{"count":13,"href":"http:\/\/www.theaterzirkus-dresden.de\/en\/wp-json\/wp\/v2\/pages\/250\/revisions"}],"predecessor-version":[{"id":1568,"href":"http:\/\/www.theaterzirkus-dresden.de\/en\/wp-json\/wp\/v2\/pages\/250\/revisions\/1568"}],"up":[{"embeddable":true,"href":"http:\/\/www.theaterzirkus-dresden.de\/en\/wp-json\/wp\/v2\/pages\/15"}],"wp:attachment":[{"href":"http:\/\/www.theaterzirkus-dresden.de\/en\/wp-json\/wp\/v2\/media?parent=250"}],"curies":[{"name":"wp","href":"https:\/\/api.w.org\/{rel}","templated":true}]}}