{"id":2282,"date":"2020-08-26T13:09:04","date_gmt":"2020-08-26T11:09:04","guid":{"rendered":"http:\/\/www.theaterzirkus-dresden.de\/?page_id=2282"},"modified":"2020-08-26T13:15:43","modified_gmt":"2020-08-26T11:15:43","slug":"die-liebe-in-zeiten-der-pest","status":"publish","type":"page","link":"http:\/\/www.theaterzirkus-dresden.de\/en\/soloprogramme\/die-liebe-in-zeiten-der-pest\/","title":{"rendered":"Die Liebe in Zeiten der Pest"},"content":{"rendered":"\n<blockquote class=\"wp-block-quote has-text-align-center is-layout-flow wp-block-quote-is-layout-flow\"><p> \u201e<em>Es ist besser zu genie\u00dfen und zu bereuen, als zu bereuen, dass man nicht genossen hat.\u201c <\/em><\/p><cite> <em>Giovanni Boccaccios  <\/em> <br><\/cite><\/blockquote>\n\n\n\n<figure class=\"wp-block-image size-large\"><img loading=\"lazy\" decoding=\"async\" width=\"1024\" height=\"797\" src=\"http:\/\/www.theaterzirkus-dresden.de\/wp-content\/uploads\/2020\/08\/Ercole-Nisini_Tom-Quaas_Foto-Paula-Henke-Quaas-e1598440341384-1024x797.jpg\" alt=\"\" class=\"wp-image-2283\" srcset=\"http:\/\/www.theaterzirkus-dresden.de\/wp-content\/uploads\/2020\/08\/Ercole-Nisini_Tom-Quaas_Foto-Paula-Henke-Quaas-e1598440341384-1024x797.jpg 1024w, http:\/\/www.theaterzirkus-dresden.de\/wp-content\/uploads\/2020\/08\/Ercole-Nisini_Tom-Quaas_Foto-Paula-Henke-Quaas-e1598440341384-300x233.jpg 300w, http:\/\/www.theaterzirkus-dresden.de\/wp-content\/uploads\/2020\/08\/Ercole-Nisini_Tom-Quaas_Foto-Paula-Henke-Quaas-e1598440341384-768x598.jpg 768w, http:\/\/www.theaterzirkus-dresden.de\/wp-content\/uploads\/2020\/08\/Ercole-Nisini_Tom-Quaas_Foto-Paula-Henke-Quaas-e1598440341384.jpg 1064w\" sizes=\"auto, (max-width: 1024px) 100vw, 1024px\" \/><\/figure>\n\n\n\n<p>Musikalische Lesung mit Tom Quaas &amp; Ercole Nisini <\/p>\n\n\n\n<p>In der Zeit wo keine Konzert stattfinden konnten, hat Posaunist <br><a href=\"https:\/\/www.ercolesmusic.work\/\">Ercole Nisini<\/a> ein Programm f\u00fcr Solo Barockposaune konzipiert und<br>einstudiert, das von Ausz\u00fcgen aus der Einleitung Giovanni Boccaccios \u201eIl Decamerone\u201c, gelesen von <a href=\"http:\/\/www.theaterzirkus-dresden.de\/direktor\/vita\/\">Tom Quaas<\/a> umrahmt wird. Das St\u00fcck zeigt wie die pandemische Pest das Leben in Europa zwischen 1346 und 1353 in extremen Ma\u00dfen ver\u00e4nderte und kn\u00fcpft damit starke Parallelen zur aktuellen Pandemie.  <\/p>\n\n\n\n<p>Spieldauer: ca. 90 Min. (ohne Pause)<br>Technische Anforderung: B\u00fchnenfl\u00e4che, B\u00fchnengrundlicht<\/p>\n\n\n\n<p>Foto: <a href=\"https:\/\/julia-henke.wixsite.com\/paula\">Paula Henke-Quaaas<\/a><br><\/p>\n","protected":false},"excerpt":{"rendered":"<p>\u201eEs ist besser zu genie\u00dfen und zu bereuen, als zu bereuen, dass man nicht genossen hat.\u201c Giovanni Boccaccios Musikalische Lesung mit Tom Quaas &amp; Ercole Nisini In der Zeit wo&#8230;<\/p>\n<p><a href=\"http:\/\/www.theaterzirkus-dresden.de\/en\/soloprogramme\/die-liebe-in-zeiten-der-pest\/\"><span class=\"glyphicon glyphicon-arrow-right\"><\/span>&nbsp;Continue reading<\/a><\/p>","protected":false},"author":3,"featured_media":0,"parent":245,"menu_order":0,"comment_status":"closed","ping_status":"closed","template":"","meta":{"footnotes":""},"class_list":["post-2282","page","type-page","status-publish","hentry"],"translation":{"provider":"WPGlobus","version":"3.0.2","language":"en","enabled_languages":["de","en"],"languages":{"de":{"title":true,"content":true,"excerpt":false},"en":{"title":false,"content":false,"excerpt":false}}},"_links":{"self":[{"href":"http:\/\/www.theaterzirkus-dresden.de\/en\/wp-json\/wp\/v2\/pages\/2282","targetHints":{"allow":["GET"]}}],"collection":[{"href":"http:\/\/www.theaterzirkus-dresden.de\/en\/wp-json\/wp\/v2\/pages"}],"about":[{"href":"http:\/\/www.theaterzirkus-dresden.de\/en\/wp-json\/wp\/v2\/types\/page"}],"author":[{"embeddable":true,"href":"http:\/\/www.theaterzirkus-dresden.de\/en\/wp-json\/wp\/v2\/users\/3"}],"replies":[{"embeddable":true,"href":"http:\/\/www.theaterzirkus-dresden.de\/en\/wp-json\/wp\/v2\/comments?post=2282"}],"version-history":[{"count":3,"href":"http:\/\/www.theaterzirkus-dresden.de\/en\/wp-json\/wp\/v2\/pages\/2282\/revisions"}],"predecessor-version":[{"id":2287,"href":"http:\/\/www.theaterzirkus-dresden.de\/en\/wp-json\/wp\/v2\/pages\/2282\/revisions\/2287"}],"up":[{"embeddable":true,"href":"http:\/\/www.theaterzirkus-dresden.de\/en\/wp-json\/wp\/v2\/pages\/245"}],"wp:attachment":[{"href":"http:\/\/www.theaterzirkus-dresden.de\/en\/wp-json\/wp\/v2\/media?parent=2282"}],"curies":[{"name":"wp","href":"https:\/\/api.w.org\/{rel}","templated":true}]}}